{"id":2552,"date":"2019-05-07T15:23:43","date_gmt":"2019-05-07T15:23:43","guid":{"rendered":"http:\/\/blacksilver.imaginem.co\/?page_id=2532"},"modified":"2025-03-17T14:26:07","modified_gmt":"2025-03-17T13:26:07","slug":"contact","status":"publish","type":"page","link":"https:\/\/content-creator-team.com\/en\/contact\/","title":{"rendered":"Contact us"},"content":{"rendered":"\t\t<div data-elementor-type=\"wp-post\" data-elementor-id=\"2552\" class=\"elementor elementor-2552\">\n\t\t\t\t<div class=\"elementor-element elementor-element-ca8c412 e-flex e-con-boxed e-con e-parent\" data-id=\"ca8c412\" data-element_type=\"container\" data-e-type=\"container\" data-settings=\"{&quot;background_background&quot;:&quot;classic&quot;}\">\n\t\t\t\t\t<div class=\"e-con-inner\">\n\t\t<div class=\"elementor-element elementor-element-6d66c91 e-con-full e-flex e-con e-child\" data-id=\"6d66c91\" data-element_type=\"container\" data-e-type=\"container\">\n\t\t\t\t<div class=\"elementor-element elementor-element-0d962f5 section-align-center section-size-large elementor-widget__width-inherit subtitle-style-default elementor-widget elementor-widget-section-heading\" data-id=\"0d962f5\" data-element_type=\"widget\" data-e-type=\"widget\" data-widget_type=\"section-heading.default\">\n\t\t\t\t<div class=\"elementor-widget-container\">\n\t\t\t\t\t<div class=\"section-heading headingstyle-subtitle\"><h5 class=\"entry-sub-title section-sub-title\">Content Creator Team<\/h5><div class=\"section-title-wrapper\"><h2 class=\"entry-title section-title\">Contact us<\/h2><\/div><\/div>\t\t\t\t<\/div>\n\t\t\t\t<\/div>\n\t\t\t\t<\/div>\n\t\t\t\t\t<\/div>\n\t\t\t\t<\/div>\n\t\t<div class=\"elementor-element elementor-element-c0c9015 e-grid e-con-boxed e-con e-parent\" data-id=\"c0c9015\" data-element_type=\"container\" data-e-type=\"container\">\n\t\t\t\t\t<div class=\"e-con-inner\">\n\t\t\t\t<div class=\"elementor-element elementor-element-73ba162 elementor-shape-rounded elementor-grid-0 e-grid-align-center elementor-widget elementor-widget-social-icons\" data-id=\"73ba162\" data-element_type=\"widget\" data-e-type=\"widget\" data-widget_type=\"social-icons.default\">\n\t\t\t\t<div class=\"elementor-widget-container\">\n\t\t\t\t\t\t\t<div class=\"elementor-social-icons-wrapper elementor-grid\" role=\"list\">\n\t\t\t\t\t\t\t<span class=\"elementor-grid-item\" role=\"listitem\">\n\t\t\t\t\t<a class=\"elementor-icon elementor-social-icon elementor-social-icon-linkedin elementor-animation-shrink elementor-repeater-item-5d98caa\" href=\"https:\/\/www.linkedin.com\/in\/leandra-weber-810215229\/\" target=\"_blank\">\n\t\t\t\t\t\t<span class=\"elementor-screen-only\">Linkedin<\/span>\n\t\t\t\t\t\t<svg aria-hidden=\"true\" class=\"e-font-icon-svg e-fab-linkedin\" viewBox=\"0 0 448 512\" xmlns=\"http:\/\/www.w3.org\/2000\/svg\"><path d=\"M416 32H31.9C14.3 32 0 46.5 0 64.3v383.4C0 465.5 14.3 480 31.9 480H416c17.6 0 32-14.5 32-32.3V64.3c0-17.8-14.4-32.3-32-32.3zM135.4 416H69V202.2h66.5V416zm-33.2-243c-21.3 0-38.5-17.3-38.5-38.5S80.9 96 102.2 96c21.2 0 38.5 17.3 38.5 38.5 0 21.3-17.2 38.5-38.5 38.5zm282.1 243h-66.4V312c0-24.8-.5-56.7-34.5-56.7-34.6 0-39.9 27-39.9 54.9V416h-66.4V202.2h63.7v29.2h.9c8.9-16.8 30.6-34.5 62.9-34.5 67.2 0 79.7 44.3 79.7 101.9V416z\"><\/path><\/svg>\t\t\t\t\t<\/a>\n\t\t\t\t<\/span>\n\t\t\t\t\t\t\t<span class=\"elementor-grid-item\" role=\"listitem\">\n\t\t\t\t\t<a class=\"elementor-icon elementor-social-icon elementor-social-icon-instagram elementor-animation-shrink elementor-repeater-item-058e4a5\" href=\"https:\/\/www.instagram.com\/leandra_weber_photography\" target=\"_blank\">\n\t\t\t\t\t\t<span class=\"elementor-screen-only\">Instagram<\/span>\n\t\t\t\t\t\t<svg aria-hidden=\"true\" class=\"e-font-icon-svg e-fab-instagram\" viewBox=\"0 0 448 512\" xmlns=\"http:\/\/www.w3.org\/2000\/svg\"><path d=\"M224.1 141c-63.6 0-114.9 51.3-114.9 114.9s51.3 114.9 114.9 114.9S339 319.5 339 255.9 287.7 141 224.1 141zm0 189.6c-41.1 0-74.7-33.5-74.7-74.7s33.5-74.7 74.7-74.7 74.7 33.5 74.7 74.7-33.6 74.7-74.7 74.7zm146.4-194.3c0 14.9-12 26.8-26.8 26.8-14.9 0-26.8-12-26.8-26.8s12-26.8 26.8-26.8 26.8 12 26.8 26.8zm76.1 27.2c-1.7-35.9-9.9-67.7-36.2-93.9-26.2-26.2-58-34.4-93.9-36.2-37-2.1-147.9-2.1-184.9 0-35.8 1.7-67.6 9.9-93.9 36.1s-34.4 58-36.2 93.9c-2.1 37-2.1 147.9 0 184.9 1.7 35.9 9.9 67.7 36.2 93.9s58 34.4 93.9 36.2c37 2.1 147.9 2.1 184.9 0 35.9-1.7 67.7-9.9 93.9-36.2 26.2-26.2 34.4-58 36.2-93.9 2.1-37 2.1-147.8 0-184.8zM398.8 388c-7.8 19.6-22.9 34.7-42.6 42.6-29.5 11.7-99.5 9-132.1 9s-102.7 2.6-132.1-9c-19.6-7.8-34.7-22.9-42.6-42.6-11.7-29.5-9-99.5-9-132.1s-2.6-102.7 9-132.1c7.8-19.6 22.9-34.7 42.6-42.6 29.5-11.7 99.5-9 132.1-9s102.7-2.6 132.1 9c19.6 7.8 34.7 22.9 42.6 42.6 11.7 29.5 9 99.5 9 132.1s2.7 102.7-9 132.1z\"><\/path><\/svg>\t\t\t\t\t<\/a>\n\t\t\t\t<\/span>\n\t\t\t\t\t\t\t<span class=\"elementor-grid-item\" role=\"listitem\">\n\t\t\t\t\t<a class=\"elementor-icon elementor-social-icon elementor-social-icon-youtube elementor-animation-shrink elementor-repeater-item-8408e2b\" href=\"https:\/\/www.youtube.com\/@leandraweberfotografie\" target=\"_blank\">\n\t\t\t\t\t\t<span class=\"elementor-screen-only\">Youtube<\/span>\n\t\t\t\t\t\t<svg aria-hidden=\"true\" class=\"e-font-icon-svg e-fab-youtube\" viewBox=\"0 0 576 512\" xmlns=\"http:\/\/www.w3.org\/2000\/svg\"><path d=\"M549.655 124.083c-6.281-23.65-24.787-42.276-48.284-48.597C458.781 64 288 64 288 64S117.22 64 74.629 75.486c-23.497 6.322-42.003 24.947-48.284 48.597-11.412 42.867-11.412 132.305-11.412 132.305s0 89.438 11.412 132.305c6.281 23.65 24.787 41.5 48.284 47.821C117.22 448 288 448 288 448s170.78 0 213.371-11.486c23.497-6.321 42.003-24.171 48.284-47.821 11.412-42.867 11.412-132.305 11.412-132.305s0-89.438-11.412-132.305zm-317.51 213.508V175.185l142.739 81.205-142.739 81.201z\"><\/path><\/svg>\t\t\t\t\t<\/a>\n\t\t\t\t<\/span>\n\t\t\t\t\t\t\t<span class=\"elementor-grid-item\" role=\"listitem\">\n\t\t\t\t\t<a class=\"elementor-icon elementor-social-icon elementor-social-icon-facebook elementor-animation-shrink elementor-repeater-item-42b3f8e\" href=\"https:\/\/www.facebook.com\/lwphotographyffm\" target=\"_blank\">\n\t\t\t\t\t\t<span class=\"elementor-screen-only\">Facebook<\/span>\n\t\t\t\t\t\t<svg aria-hidden=\"true\" class=\"e-font-icon-svg e-fab-facebook\" viewBox=\"0 0 512 512\" xmlns=\"http:\/\/www.w3.org\/2000\/svg\"><path d=\"M504 256C504 119 393 8 256 8S8 119 8 256c0 123.78 90.69 226.38 209.25 245V327.69h-63V256h63v-54.64c0-62.15 37-96.48 93.67-96.48 27.14 0 55.52 4.84 55.52 4.84v61h-31.28c-30.8 0-40.41 19.12-40.41 38.73V256h68.78l-11 71.69h-57.78V501C413.31 482.38 504 379.78 504 256z\"><\/path><\/svg>\t\t\t\t\t<\/a>\n\t\t\t\t<\/span>\n\t\t\t\t\t\t\t<span class=\"elementor-grid-item\" role=\"listitem\">\n\t\t\t\t\t<a class=\"elementor-icon elementor-social-icon elementor-social-icon-whatsapp elementor-animation-shrink elementor-repeater-item-3b36460\" href=\"https:\/\/api.whatsapp.com\/message\/QDOXDI4VZKKGM1\" target=\"_blank\">\n\t\t\t\t\t\t<span class=\"elementor-screen-only\">Whatsapp<\/span>\n\t\t\t\t\t\t<svg aria-hidden=\"true\" class=\"e-font-icon-svg e-fab-whatsapp\" viewBox=\"0 0 448 512\" xmlns=\"http:\/\/www.w3.org\/2000\/svg\"><path d=\"M380.9 97.1C339 55.1 283.2 32 223.9 32c-122.4 0-222 99.6-222 222 0 39.1 10.2 77.3 29.6 111L0 480l117.7-30.9c32.4 17.7 68.9 27 106.1 27h.1c122.3 0 224.1-99.6 224.1-222 0-59.3-25.2-115-67.1-157zm-157 341.6c-33.2 0-65.7-8.9-94-25.7l-6.7-4-69.8 18.3L72 359.2l-4.4-7c-18.5-29.4-28.2-63.3-28.2-98.2 0-101.7 82.8-184.5 184.6-184.5 49.3 0 95.6 19.2 130.4 54.1 34.8 34.9 56.2 81.2 56.1 130.5 0 101.8-84.9 184.6-186.6 184.6zm101.2-138.2c-5.5-2.8-32.8-16.2-37.9-18-5.1-1.9-8.8-2.8-12.5 2.8-3.7 5.6-14.3 18-17.6 21.8-3.2 3.7-6.5 4.2-12 1.4-32.6-16.3-54-29.1-75.5-66-5.7-9.8 5.7-9.1 16.3-30.3 1.8-3.7.9-6.9-.5-9.7-1.4-2.8-12.5-30.1-17.1-41.2-4.5-10.8-9.1-9.3-12.5-9.5-3.2-.2-6.9-.2-10.6-.2-3.7 0-9.7 1.4-14.8 6.9-5.1 5.6-19.4 19-19.4 46.3 0 27.3 19.9 53.7 22.6 57.4 2.8 3.7 39.1 59.7 94.8 83.8 35.2 15.2 49 16.5 66.6 13.9 10.7-1.6 32.8-13.4 37.4-26.4 4.6-13 4.6-24.1 3.2-26.4-1.3-2.5-5-3.9-10.5-6.6z\"><\/path><\/svg>\t\t\t\t\t<\/a>\n\t\t\t\t<\/span>\n\t\t\t\t\t<\/div>\n\t\t\t\t\t\t<\/div>\n\t\t\t\t<\/div>\n\t\t\t\t<div class=\"elementor-element elementor-element-b8de0f9 elementor-widget elementor-widget-text-editor\" data-id=\"b8de0f9\" data-element_type=\"widget\" data-e-type=\"widget\" data-widget_type=\"text-editor.default\">\n\t\t\t\t<div class=\"elementor-widget-container\">\n\t\t\t\t\t\t\t\t\t<div><div><div data-id=\"bb1d953\" data-element_type=\"column\"><div><div><div data-id=\"bc18223\" data-element_type=\"widget\" data-widget_type=\"section-heading.default\"><div><div><h3 style=\"text-align: left;\">Ihr direkter Kontakt zu uns<\/h3><h5>Wir freuen uns auf Ihre Anfrage!<\/h5><\/div><\/div><\/div><\/div><\/div><\/div><\/div><\/div><p>Wenn Sie auf der Suche nach einem Team aus Fotograf und Model(s) f\u00fcr Content-Creation oder Werbeproduktionen sind, freue wir uns auf Ihre Anfrage. Diese erreicht uns am besten per E-Mail oder per Nachricht \u00fcber das folgende Kontaktformular.<\/p><p>Je genauer Ihre Angaben und Vorstellungen sind, desto konkreter ist es f\u00fcr uns m\u00f6glich ein individuelles Angebot zu erstellen.<\/p><p>Alternativ k\u00f6nnen Sie unten auch einen <strong>Telefontermin<\/strong> vereinbaren. Telefonate k\u00f6nnen auf Deutsch und Englisch gef\u00fchrt werden.<\/p>\t\t\t\t\t\t\t\t<\/div>\n\t\t\t\t<\/div>\n\t\t\t\t\t<\/div>\n\t\t\t\t<\/div>\n\t\t<div class=\"elementor-element elementor-element-2a41341 e-grid e-con-boxed e-con e-parent\" data-id=\"2a41341\" data-element_type=\"container\" data-e-type=\"container\">\n\t\t\t\t\t<div class=\"e-con-inner\">\n\t\t\t\t<div class=\"elementor-element elementor-element-255c05a input-border-style-default input-icons-default elementor-widget elementor-widget-contactform\" data-id=\"255c05a\" data-element_type=\"widget\" data-e-type=\"widget\" data-widget_type=\"contactform.default\">\n\t\t\t\t<div class=\"elementor-widget-container\">\n\t\t\t\t\t\t\t<div class=\"mtheme-contact-form-container\">\n\t\t\t\n<div class=\"wpcf7 no-js\" id=\"wpcf7-f4185-o1\" lang=\"en-US\" dir=\"ltr\" data-wpcf7-id=\"4185\">\n<div class=\"screen-reader-response\"><p role=\"status\" aria-live=\"polite\" aria-atomic=\"true\"><\/p> <ul><\/ul><\/div>\n<form action=\"\/en\/wp-json\/wp\/v2\/pages\/2552#wpcf7-f4185-o1\" method=\"post\" class=\"wpcf7-form init\" aria-label=\"Contact form\" novalidate=\"novalidate\" data-status=\"init\">\n<fieldset class=\"hidden-fields-container\"><input type=\"hidden\" name=\"_wpcf7\" value=\"4185\" \/><input type=\"hidden\" name=\"_wpcf7_version\" value=\"6.1.5\" \/><input type=\"hidden\" name=\"_wpcf7_locale\" value=\"en_US\" \/><input type=\"hidden\" name=\"_wpcf7_unit_tag\" value=\"wpcf7-f4185-o1\" \/><input type=\"hidden\" name=\"_wpcf7_container_post\" value=\"0\" \/><input type=\"hidden\" name=\"_wpcf7_posted_data_hash\" value=\"\" \/>\n<\/fieldset>\n<p><label> Ihr Name<br \/>\n<span class=\"wpcf7-form-control-wrap\" data-name=\"Name\"><input size=\"40\" maxlength=\"400\" class=\"wpcf7-form-control wpcf7-text wpcf7-validates-as-required\" aria-required=\"true\" aria-invalid=\"false\" value=\"\" type=\"text\" name=\"Name\" \/><\/span> <\/label>\n<\/p>\n<p><label> Ihre E-Mail-Adresse<br \/>\n<span class=\"wpcf7-form-control-wrap\" data-name=\"E-Mail\"><input size=\"40\" maxlength=\"400\" class=\"wpcf7-form-control wpcf7-email wpcf7-validates-as-required wpcf7-text wpcf7-validates-as-email\" aria-required=\"true\" aria-invalid=\"false\" value=\"\" type=\"email\" name=\"E-Mail\" \/><\/span> <\/label>\n<\/p>\n<p><label> Betreff<br \/>\n<span class=\"wpcf7-form-control-wrap\" data-name=\"Betreff\"><input size=\"40\" maxlength=\"400\" class=\"wpcf7-form-control wpcf7-text wpcf7-validates-as-required\" aria-required=\"true\" aria-invalid=\"false\" value=\"\" type=\"text\" name=\"Betreff\" \/><\/span> <\/label>\n<\/p>\n<p><label> Ihre Nachricht<br \/>\n<span class=\"wpcf7-form-control-wrap\" data-name=\"Nachricht\"><textarea cols=\"40\" rows=\"10\" maxlength=\"2000\" class=\"wpcf7-form-control wpcf7-textarea wpcf7-validates-as-required\" aria-required=\"true\" aria-invalid=\"false\" name=\"Nachricht\"><\/textarea><\/span> <\/label>\n<\/p>\n<p><input class=\"wpcf7-form-control wpcf7-submit has-spinner\" type=\"submit\" value=\"Absenden\" \/>\n<\/p><p style=\"display: none !important;\" class=\"akismet-fields-container\" data-prefix=\"_wpcf7_ak_\"><label>\u0394<textarea name=\"_wpcf7_ak_hp_textarea\" cols=\"45\" rows=\"8\" maxlength=\"100\"><\/textarea><\/label><input type=\"hidden\" id=\"ak_js_1\" name=\"_wpcf7_ak_js\" value=\"218\"\/><script type=\"text\/javascript\">\n\/* <![CDATA[ *\/\ndocument.getElementById( \"ak_js_1\" ).setAttribute( \"value\", ( new Date() ).getTime() );\n\/* ]]> *\/\n<\/script>\n<\/p><div class=\"wpcf7-response-output\" aria-hidden=\"true\"><\/div>\n<\/form>\n<\/div>\n\t\t<\/div>\n\t\t\t\t\t\t<\/div>\n\t\t\t\t<\/div>\n\t\t\t\t\t<\/div>\n\t\t\t\t<\/div>\n\t\t<div class=\"elementor-element elementor-element-911c327 e-flex e-con-boxed e-con e-parent\" data-id=\"911c327\" data-element_type=\"container\" data-e-type=\"container\">\n\t\t\t\t\t<div class=\"e-con-inner\">\n\t\t\t\t<div class=\"elementor-element elementor-element-3365713 elementor-widget elementor-widget-html\" data-id=\"3365713\" data-element_type=\"widget\" data-e-type=\"widget\" data-widget_type=\"html.default\">\n\t\t\t\t<div class=\"elementor-widget-container\">\n\t\t\t\t\t<!-- Calendly Inline-Widget Beginn -->\n<div class=\"calendly-inline-widget\" data-url=\"https:\/\/calendly.com\/leaweber\/call\" style=\"min-width:320px;height:630px;\"><\/div>\n<script type=\"text\/javascript\" src=\"https:\/\/assets.calendly.com\/assets\/external\/widget.js\" async><\/script>\n<!-- Calendly Inline-Widget Ende -->\t\t\t\t<\/div>\n\t\t\t\t<\/div>\n\t\t\t\t\t<\/div>\n\t\t\t\t<\/div>\n\t\t\t\t<\/div>\n\t\t","protected":false},"excerpt":{"rendered":"<p>Content Creator Team Contact us Linkedin Instagram Youtube Facebook Whatsapp Ihr direkter Kontakt zu uns Wir freuen uns auf Ihre Anfrage! Wenn Sie auf der Suche nach einem Team aus Fotograf und Model(s) f\u00fcr Content-Creation oder Werbeproduktionen sind, freue wir uns auf Ihre Anfrage. Diese erreicht uns am besten per E-Mail oder per Nachricht \u00fcber das folgende Kontaktformular. Je genauer Ihre Angaben und Vorstellungen sind, desto konkreter ist es f\u00fcr uns m\u00f6glich ein individuelles Angebot zu erstellen. Alternativ k\u00f6nnen Sie [&hellip;]<\/p>\n","protected":false},"author":1,"featured_media":0,"parent":0,"menu_order":0,"comment_status":"closed","ping_status":"closed","template":"","meta":{"footnotes":""},"class_list":["post-2552","page","type-page","status-publish","hentry"],"yoast_head":"<!-- This site is optimized with the Yoast SEO plugin v27.5 - https:\/\/yoast.com\/product\/yoast-seo-wordpress\/ -->\n<title>Kontakt \u27a2 Model Eva Schug | Jetzt Anfrage senden<\/title>\n<meta name=\"description\" content=\"Kontaktieren Sie Model Eva Schug f\u00fcr Buchungen &amp; Anfragen zu Werbekampagnen, Fashion-Shootings &amp; Commercial-Projekten in Frankfurt &amp; Mallorca.\" \/>\n<meta name=\"robots\" content=\"index, follow, max-snippet:-1, max-image-preview:large, max-video-preview:-1\" \/>\n<link rel=\"canonical\" href=\"https:\/\/content-creator-team.com\/en\/contact\/\" \/>\n<meta property=\"og:locale\" content=\"en_GB\" \/>\n<meta property=\"og:type\" content=\"article\" \/>\n<meta property=\"og:title\" content=\"Kontakt \u27a2 Model Eva Schug | Jetzt Anfrage senden\" \/>\n<meta property=\"og:description\" content=\"Kontaktieren Sie Model Eva Schug f\u00fcr Buchungen &amp; Anfragen zu Werbekampagnen, Fashion-Shootings &amp; Commercial-Projekten in Frankfurt &amp; Mallorca.\" \/>\n<meta property=\"og:url\" content=\"https:\/\/content-creator-team.com\/en\/contact\/\" \/>\n<meta property=\"og:site_name\" content=\"Content Creator Team - Germany &amp; Mallorca\" \/>\n<meta property=\"article:modified_time\" content=\"2025-03-17T13:26:07+00:00\" \/>\n<meta name=\"twitter:card\" content=\"summary_large_image\" \/>\n<meta name=\"twitter:label1\" content=\"Estimated reading time\" \/>\n\t<meta name=\"twitter:data1\" content=\"1 minute\" \/>\n<script type=\"application\/ld+json\" class=\"yoast-schema-graph\">{\"@context\":\"https:\\\/\\\/schema.org\",\"@graph\":[{\"@type\":\"WebPage\",\"@id\":\"https:\\\/\\\/content-creator-team.com\\\/kontakt\\\/\",\"url\":\"https:\\\/\\\/content-creator-team.com\\\/kontakt\\\/\",\"name\":\"Kontakt \u27a2 Model Eva Schug | Jetzt Anfrage senden\",\"isPartOf\":{\"@id\":\"https:\\\/\\\/content-creator-team.com\\\/#website\"},\"datePublished\":\"2019-05-07T15:23:43+00:00\",\"dateModified\":\"2025-03-17T13:26:07+00:00\",\"description\":\"Kontaktieren Sie Model Eva Schug f\u00fcr Buchungen & Anfragen zu Werbekampagnen, Fashion-Shootings & Commercial-Projekten in Frankfurt & Mallorca.\",\"breadcrumb\":{\"@id\":\"https:\\\/\\\/content-creator-team.com\\\/kontakt\\\/#breadcrumb\"},\"inLanguage\":\"en-GB\",\"potentialAction\":[{\"@type\":\"ReadAction\",\"target\":[\"https:\\\/\\\/content-creator-team.com\\\/kontakt\\\/\"]}]},{\"@type\":\"BreadcrumbList\",\"@id\":\"https:\\\/\\\/content-creator-team.com\\\/kontakt\\\/#breadcrumb\",\"itemListElement\":[{\"@type\":\"ListItem\",\"position\":1,\"name\":\"Startseite\",\"item\":\"https:\\\/\\\/content-creator-team.com\\\/\"},{\"@type\":\"ListItem\",\"position\":2,\"name\":\"Kontakt\"}]},{\"@type\":\"WebSite\",\"@id\":\"https:\\\/\\\/content-creator-team.com\\\/#website\",\"url\":\"https:\\\/\\\/content-creator-team.com\\\/\",\"name\":\"Content-Creator-Team.com\",\"description\":\"Creating content for you and your brand!\",\"publisher\":{\"@id\":\"https:\\\/\\\/content-creator-team.com\\\/#\\\/schema\\\/person\\\/7a67262b5593998c9e40d7d30de3656d\"},\"potentialAction\":[{\"@type\":\"SearchAction\",\"target\":{\"@type\":\"EntryPoint\",\"urlTemplate\":\"https:\\\/\\\/content-creator-team.com\\\/?s={search_term_string}\"},\"query-input\":{\"@type\":\"PropertyValueSpecification\",\"valueRequired\":true,\"valueName\":\"search_term_string\"}}],\"inLanguage\":\"en-GB\"},{\"@type\":[\"Person\",\"Organization\"],\"@id\":\"https:\\\/\\\/content-creator-team.com\\\/#\\\/schema\\\/person\\\/7a67262b5593998c9e40d7d30de3656d\",\"name\":\"Lea\",\"image\":{\"@type\":\"ImageObject\",\"inLanguage\":\"en-GB\",\"@id\":\"https:\\\/\\\/secure.gravatar.com\\\/avatar\\\/92e3bcb9aafd9b8c2c58a38a28cd72f6989e19f7f767027ba5529d0e18fb0655?s=96&d=mm&r=g\",\"url\":\"https:\\\/\\\/secure.gravatar.com\\\/avatar\\\/92e3bcb9aafd9b8c2c58a38a28cd72f6989e19f7f767027ba5529d0e18fb0655?s=96&d=mm&r=g\",\"contentUrl\":\"https:\\\/\\\/secure.gravatar.com\\\/avatar\\\/92e3bcb9aafd9b8c2c58a38a28cd72f6989e19f7f767027ba5529d0e18fb0655?s=96&d=mm&r=g\",\"caption\":\"Lea\"},\"logo\":{\"@id\":\"https:\\\/\\\/secure.gravatar.com\\\/avatar\\\/92e3bcb9aafd9b8c2c58a38a28cd72f6989e19f7f767027ba5529d0e18fb0655?s=96&d=mm&r=g\"},\"sameAs\":[\"http:\\\/\\\/content-creator-team.com\"]}]}<\/script>\n<!-- \/ Yoast SEO plugin. -->","yoast_head_json":{"title":"Contact \u27a2 Model Eva Schug | Send enquiry now","description":"Contact model Eva Schug for bookings &amp; enquiries for advertising campaigns, fashion shoots &amp; commercial projects in Frankfurt &amp; Mallorca.","robots":{"index":"index","follow":"follow","max-snippet":"max-snippet:-1","max-image-preview":"max-image-preview:large","max-video-preview":"max-video-preview:-1"},"canonical":"https:\/\/content-creator-team.com\/en\/contact\/","og_locale":"en_GB","og_type":"article","og_title":"Kontakt \u27a2 Model Eva Schug | Jetzt Anfrage senden","og_description":"Kontaktieren Sie Model Eva Schug f\u00fcr Buchungen & Anfragen zu Werbekampagnen, Fashion-Shootings & Commercial-Projekten in Frankfurt & Mallorca.","og_url":"https:\/\/content-creator-team.com\/en\/contact\/","og_site_name":"Content Creator Team - Germany &amp; Mallorca","article_modified_time":"2025-03-17T13:26:07+00:00","twitter_card":"summary_large_image","twitter_misc":{"Estimated reading time":"1 minute"},"schema":{"@context":"https:\/\/schema.org","@graph":[{"@type":"WebPage","@id":"https:\/\/content-creator-team.com\/kontakt\/","url":"https:\/\/content-creator-team.com\/kontakt\/","name":"Contact \u27a2 Model Eva Schug | Send enquiry now","isPartOf":{"@id":"https:\/\/content-creator-team.com\/#website"},"datePublished":"2019-05-07T15:23:43+00:00","dateModified":"2025-03-17T13:26:07+00:00","description":"Contact model Eva Schug for bookings &amp; enquiries for advertising campaigns, fashion shoots &amp; commercial projects in Frankfurt &amp; Mallorca.","breadcrumb":{"@id":"https:\/\/content-creator-team.com\/kontakt\/#breadcrumb"},"inLanguage":"en-GB","potentialAction":[{"@type":"ReadAction","target":["https:\/\/content-creator-team.com\/kontakt\/"]}]},{"@type":"BreadcrumbList","@id":"https:\/\/content-creator-team.com\/kontakt\/#breadcrumb","itemListElement":[{"@type":"ListItem","position":1,"name":"Startseite","item":"https:\/\/content-creator-team.com\/"},{"@type":"ListItem","position":2,"name":"Kontakt"}]},{"@type":"WebSite","@id":"https:\/\/content-creator-team.com\/#website","url":"https:\/\/content-creator-team.com\/","name":"Content-Creator-Team.com","description":"Creating content for you and your brand!","publisher":{"@id":"https:\/\/content-creator-team.com\/#\/schema\/person\/7a67262b5593998c9e40d7d30de3656d"},"potentialAction":[{"@type":"SearchAction","target":{"@type":"EntryPoint","urlTemplate":"https:\/\/content-creator-team.com\/?s={search_term_string}"},"query-input":{"@type":"PropertyValueSpecification","valueRequired":true,"valueName":"search_term_string"}}],"inLanguage":"en-GB"},{"@type":["Person","Organization"],"@id":"https:\/\/content-creator-team.com\/#\/schema\/person\/7a67262b5593998c9e40d7d30de3656d","name":"Lea","image":{"@type":"ImageObject","inLanguage":"en-GB","@id":"https:\/\/secure.gravatar.com\/avatar\/92e3bcb9aafd9b8c2c58a38a28cd72f6989e19f7f767027ba5529d0e18fb0655?s=96&d=mm&r=g","url":"https:\/\/secure.gravatar.com\/avatar\/92e3bcb9aafd9b8c2c58a38a28cd72f6989e19f7f767027ba5529d0e18fb0655?s=96&d=mm&r=g","contentUrl":"https:\/\/secure.gravatar.com\/avatar\/92e3bcb9aafd9b8c2c58a38a28cd72f6989e19f7f767027ba5529d0e18fb0655?s=96&d=mm&r=g","caption":"Lea"},"logo":{"@id":"https:\/\/secure.gravatar.com\/avatar\/92e3bcb9aafd9b8c2c58a38a28cd72f6989e19f7f767027ba5529d0e18fb0655?s=96&d=mm&r=g"},"sameAs":["http:\/\/content-creator-team.com"]}]}},"_links":{"self":[{"href":"https:\/\/content-creator-team.com\/en\/wp-json\/wp\/v2\/pages\/2552","targetHints":{"allow":["GET"]}}],"collection":[{"href":"https:\/\/content-creator-team.com\/en\/wp-json\/wp\/v2\/pages"}],"about":[{"href":"https:\/\/content-creator-team.com\/en\/wp-json\/wp\/v2\/types\/page"}],"author":[{"embeddable":true,"href":"https:\/\/content-creator-team.com\/en\/wp-json\/wp\/v2\/users\/1"}],"replies":[{"embeddable":true,"href":"https:\/\/content-creator-team.com\/en\/wp-json\/wp\/v2\/comments?post=2552"}],"version-history":[{"count":10,"href":"https:\/\/content-creator-team.com\/en\/wp-json\/wp\/v2\/pages\/2552\/revisions"}],"predecessor-version":[{"id":5204,"href":"https:\/\/content-creator-team.com\/en\/wp-json\/wp\/v2\/pages\/2552\/revisions\/5204"}],"wp:attachment":[{"href":"https:\/\/content-creator-team.com\/en\/wp-json\/wp\/v2\/media?parent=2552"}],"curies":[{"name":"wp","href":"https:\/\/api.w.org\/{rel}","templated":true}]}}