{"id":3008,"date":"2024-01-06T16:02:12","date_gmt":"2024-01-06T15:02:12","guid":{"rendered":"https:\/\/eva-schug.de\/?page_id=3008"},"modified":"2025-04-23T21:28:24","modified_gmt":"2025-04-23T19:28:24","slug":"references","status":"publish","type":"page","link":"https:\/\/content-creator-team.com\/en\/references\/","title":{"rendered":"References"},"content":{"rendered":"<div data-elementor-type=\"wp-page\" data-elementor-id=\"3008\" class=\"elementor elementor-3008\">\n\t\t\t\t<div class=\"elementor-element elementor-element-4edaf0c e-flex e-con-boxed e-con e-parent\" data-id=\"4edaf0c\" data-element_type=\"container\" data-e-type=\"container\">\n\t\t\t\t\t<div class=\"e-con-inner\">\n\t\t\t\t<div class=\"elementor-element elementor-element-a08aa4b section-size-large section-align-center elementor-widget__width-inherit subtitle-style-default elementor-widget elementor-widget-section-heading\" data-id=\"a08aa4b\" data-element_type=\"widget\" data-e-type=\"widget\" data-widget_type=\"section-heading.default\">\n\t\t\t\t<div class=\"elementor-widget-container\">\n\t\t\t\t\t<div class=\"section-heading headingstyle-subtitle\"><h5 class=\"entry-sub-title section-sub-title\">Customers and projects<\/h5><div class=\"section-title-wrapper\"><h2 class=\"entry-title section-title\">My references<\/h2><\/div><div class=\"section-description clearfix\"><div class=\"section-description-inner\"><p>In recent years, I have had the pleasure of working with many private clients as well as for a number of well-known companies. You can find a selection of these companies on this page. I would be delighted to add you or your company to this list soon.<\/p>\n<\/div><\/div><\/div>\t\t\t\t<\/div>\n\t\t\t\t<\/div>\n\t\t\t\t\t<\/div>\n\t\t\t\t<\/div>\n\t\t<div class=\"elementor-element elementor-element-7ee43fb elementor-hidden-mobile e-flex e-con-boxed e-con e-parent\" data-id=\"7ee43fb\" data-element_type=\"container\" data-e-type=\"container\">\n\t\t\t\t\t<div class=\"e-con-inner\">\n\t\t\t\t<div class=\"elementor-element elementor-element-fd79520 gallery-spacing-custom elementor-widget elementor-widget-image-gallery\" data-id=\"fd79520\" data-element_type=\"widget\" data-e-type=\"widget\" data-widget_type=\"image-gallery.default\">\n\t\t\t\t<div class=\"elementor-widget-container\">\n\t\t\t\t\t\t\t<div class=\"elementor-image-gallery\">\n\t\t\t\t\t<\/div>\n\t\t\t\t\t\t<\/div>\n\t\t\t\t<\/div>\n\t\t\t\t\t<\/div>\n\t\t\t\t<\/div>\n\t\t<div class=\"elementor-element elementor-element-6760c41 elementor-hidden-desktop elementor-hidden-tablet e-flex e-con-boxed e-con e-parent\" data-id=\"6760c41\" data-element_type=\"container\" data-e-type=\"container\">\n\t\t\t\t\t<div class=\"e-con-inner\">\n\t\t\t\t<div class=\"elementor-element elementor-element-0512455 gallery-spacing-custom elementor-widget elementor-widget-image-gallery\" data-id=\"0512455\" data-element_type=\"widget\" data-e-type=\"widget\" data-widget_type=\"image-gallery.default\">\n\t\t\t\t<div class=\"elementor-widget-container\">\n\t\t\t\t\t\t\t<div class=\"elementor-image-gallery\">\n\t\t\t\t\t<\/div>\n\t\t\t\t\t\t<\/div>\n\t\t\t\t<\/div>\n\t\t\t\t\t<\/div>\n\t\t\t\t<\/div>\n\t\t<div class=\"elementor-element elementor-element-d4a9aa4 e-flex e-con-boxed e-con e-parent\" data-id=\"d4a9aa4\" data-element_type=\"container\" data-e-type=\"container\">\n\t\t\t\t\t<div class=\"e-con-inner\">\n\t\t\t\t<div class=\"elementor-element elementor-element-58553fe elementor-button-success elementor-align-center elementor-widget elementor-widget-button\" data-id=\"58553fe\" data-element_type=\"widget\" data-e-type=\"widget\" data-widget_type=\"button.default\">\n\t\t\t\t<div class=\"elementor-widget-container\">\n\t\t\t\t\t\t\t\t\t<div class=\"elementor-button-wrapper\">\n\t\t\t\t\t<a class=\"elementor-button elementor-button-link elementor-size-md\" href=\"https:\/\/content-creator-team.com\/en\/contact\/\">\n\t\t\t\t\t\t<span class=\"elementor-button-content-wrapper\">\n\t\t\t\t\t\t<span class=\"elementor-button-icon\">\n\t\t\t\t<svg aria-hidden=\"true\" class=\"e-font-icon-svg e-far-envelope\" viewbox=\"0 0 512 512\" xmlns=\"http:\/\/www.w3.org\/2000\/svg\"><path d=\"M464 64H48C21.49 64 0 85.49 0 112v288c0 26.51 21.49 48 48 48h416c26.51 0 48-21.49 48-48V112c0-26.51-21.49-48-48-48zm0 48v40.805c-22.422 18.259-58.168 46.651-134.587 106.49-16.841 13.247-50.201 45.072-73.413 44.701-23.208.375-56.579-31.459-73.413-44.701C106.18 199.465 70.425 171.067 48 152.805V112h416zM48 400V214.398c22.914 18.251 55.409 43.862 104.938 82.646 21.857 17.205 60.134 55.186 103.062 54.955 42.717.231 80.509-37.199 103.053-54.947 49.528-38.783 82.032-64.401 104.947-82.653V400H48z\"><\/path><\/svg>\t\t\t<\/span>\n\t\t\t\t\t\t\t\t\t<span class=\"elementor-button-text\">Enquire now!<\/span>\n\t\t\t\t\t<\/span>\n\t\t\t\t\t<\/a>\n\t\t\t\t<\/div>\n\t\t\t\t\t\t\t\t<\/div>\n\t\t\t\t<\/div>\n\t\t\t\t\t<\/div>\n\t\t\t\t<\/div>\n\t\t\t\t<\/div>","protected":false},"excerpt":{"rendered":"<p>Clients and projects My references In recent years, I have had the pleasure of working with many private clients as well as for a number of well-known companies. You can find a selection of these companies on this page. I would be delighted to add you or your company to this list soon. Enquire now!<\/p>","protected":false},"author":1,"featured_media":0,"parent":0,"menu_order":0,"comment_status":"closed","ping_status":"closed","template":"","meta":{"footnotes":""},"class_list":["post-3008","page","type-page","status-publish","hentry"],"yoast_head":"<!-- This site is optimized with the Yoast SEO plugin v27.4 - https:\/\/yoast.com\/product\/yoast-seo-wordpress\/ -->\n<title>Referenzen - Content Creator Team - Germany &amp; Mallorca<\/title>\n<meta name=\"robots\" content=\"index, follow, max-snippet:-1, max-image-preview:large, max-video-preview:-1\" \/>\n<link rel=\"canonical\" href=\"https:\/\/content-creator-team.com\/en\/references\/\" \/>\n<meta property=\"og:locale\" content=\"en_GB\" \/>\n<meta property=\"og:type\" content=\"article\" \/>\n<meta property=\"og:title\" content=\"Referenzen - Content Creator Team - Germany &amp; Mallorca\" \/>\n<meta property=\"og:description\" content=\"Kunden und Projekte Meine Referenzen In den letzten Jahren durfte ich mit vielen Privatkunden aber auch f\u00fcr etliche namhafte Unternehmen arbeiten. Eine Auswahl dieser Unternehmen finden Sie auf dieser Seite. Ich w\u00fcrde mich freuen, Sie oder Ihr Unternehmen schon bald in diese Liste aufnehmen zu d\u00fcrfen. Jetzt anfragen!\" \/>\n<meta property=\"og:url\" content=\"https:\/\/content-creator-team.com\/en\/references\/\" \/>\n<meta property=\"og:site_name\" content=\"Content Creator Team - Germany &amp; Mallorca\" \/>\n<meta property=\"article:modified_time\" content=\"2025-04-23T19:28:24+00:00\" \/>\n<meta name=\"twitter:card\" content=\"summary_large_image\" \/>\n<meta name=\"twitter:label1\" content=\"Estimated reading time\" \/>\n\t<meta name=\"twitter:data1\" content=\"1 minute\" \/>\n<script type=\"application\/ld+json\" class=\"yoast-schema-graph\">{\"@context\":\"https:\\\/\\\/schema.org\",\"@graph\":[{\"@type\":\"WebPage\",\"@id\":\"https:\\\/\\\/content-creator-team.com\\\/referenzen\\\/\",\"url\":\"https:\\\/\\\/content-creator-team.com\\\/referenzen\\\/\",\"name\":\"Referenzen - Content Creator Team - Germany &amp; Mallorca\",\"isPartOf\":{\"@id\":\"https:\\\/\\\/content-creator-team.com\\\/#website\"},\"datePublished\":\"2024-01-06T15:02:12+00:00\",\"dateModified\":\"2025-04-23T19:28:24+00:00\",\"breadcrumb\":{\"@id\":\"https:\\\/\\\/content-creator-team.com\\\/referenzen\\\/#breadcrumb\"},\"inLanguage\":\"en-GB\",\"potentialAction\":[{\"@type\":\"ReadAction\",\"target\":[\"https:\\\/\\\/content-creator-team.com\\\/referenzen\\\/\"]}]},{\"@type\":\"BreadcrumbList\",\"@id\":\"https:\\\/\\\/content-creator-team.com\\\/referenzen\\\/#breadcrumb\",\"itemListElement\":[{\"@type\":\"ListItem\",\"position\":1,\"name\":\"Startseite\",\"item\":\"https:\\\/\\\/content-creator-team.com\\\/\"},{\"@type\":\"ListItem\",\"position\":2,\"name\":\"Referenzen\"}]},{\"@type\":\"WebSite\",\"@id\":\"https:\\\/\\\/content-creator-team.com\\\/#website\",\"url\":\"https:\\\/\\\/content-creator-team.com\\\/\",\"name\":\"Content-Creator-Team.com\",\"description\":\"Creating content for you and your brand!\",\"publisher\":{\"@id\":\"https:\\\/\\\/content-creator-team.com\\\/#\\\/schema\\\/person\\\/7a67262b5593998c9e40d7d30de3656d\"},\"potentialAction\":[{\"@type\":\"SearchAction\",\"target\":{\"@type\":\"EntryPoint\",\"urlTemplate\":\"https:\\\/\\\/content-creator-team.com\\\/?s={search_term_string}\"},\"query-input\":{\"@type\":\"PropertyValueSpecification\",\"valueRequired\":true,\"valueName\":\"search_term_string\"}}],\"inLanguage\":\"en-GB\"},{\"@type\":[\"Person\",\"Organization\"],\"@id\":\"https:\\\/\\\/content-creator-team.com\\\/#\\\/schema\\\/person\\\/7a67262b5593998c9e40d7d30de3656d\",\"name\":\"Lea\",\"image\":{\"@type\":\"ImageObject\",\"inLanguage\":\"en-GB\",\"@id\":\"https:\\\/\\\/secure.gravatar.com\\\/avatar\\\/92e3bcb9aafd9b8c2c58a38a28cd72f6989e19f7f767027ba5529d0e18fb0655?s=96&d=mm&r=g\",\"url\":\"https:\\\/\\\/secure.gravatar.com\\\/avatar\\\/92e3bcb9aafd9b8c2c58a38a28cd72f6989e19f7f767027ba5529d0e18fb0655?s=96&d=mm&r=g\",\"contentUrl\":\"https:\\\/\\\/secure.gravatar.com\\\/avatar\\\/92e3bcb9aafd9b8c2c58a38a28cd72f6989e19f7f767027ba5529d0e18fb0655?s=96&d=mm&r=g\",\"caption\":\"Lea\"},\"logo\":{\"@id\":\"https:\\\/\\\/secure.gravatar.com\\\/avatar\\\/92e3bcb9aafd9b8c2c58a38a28cd72f6989e19f7f767027ba5529d0e18fb0655?s=96&d=mm&r=g\"},\"sameAs\":[\"http:\\\/\\\/content-creator-team.com\"]}]}<\/script>\n<!-- \/ Yoast SEO plugin. -->","yoast_head_json":{"title":"References - Content Creator Team - Germany &amp; Mallorca","robots":{"index":"index","follow":"follow","max-snippet":"max-snippet:-1","max-image-preview":"max-image-preview:large","max-video-preview":"max-video-preview:-1"},"canonical":"https:\/\/content-creator-team.com\/en\/references\/","og_locale":"en_GB","og_type":"article","og_title":"Referenzen - Content Creator Team - Germany &amp; Mallorca","og_description":"Kunden und Projekte Meine Referenzen In den letzten Jahren durfte ich mit vielen Privatkunden aber auch f\u00fcr etliche namhafte Unternehmen arbeiten. Eine Auswahl dieser Unternehmen finden Sie auf dieser Seite. Ich w\u00fcrde mich freuen, Sie oder Ihr Unternehmen schon bald in diese Liste aufnehmen zu d\u00fcrfen. Jetzt anfragen!","og_url":"https:\/\/content-creator-team.com\/en\/references\/","og_site_name":"Content Creator Team - Germany &amp; Mallorca","article_modified_time":"2025-04-23T19:28:24+00:00","twitter_card":"summary_large_image","twitter_misc":{"Estimated reading time":"1 minute"},"schema":{"@context":"https:\/\/schema.org","@graph":[{"@type":"WebPage","@id":"https:\/\/content-creator-team.com\/referenzen\/","url":"https:\/\/content-creator-team.com\/referenzen\/","name":"References - Content Creator Team - Germany &amp; Mallorca","isPartOf":{"@id":"https:\/\/content-creator-team.com\/#website"},"datePublished":"2024-01-06T15:02:12+00:00","dateModified":"2025-04-23T19:28:24+00:00","breadcrumb":{"@id":"https:\/\/content-creator-team.com\/referenzen\/#breadcrumb"},"inLanguage":"en-GB","potentialAction":[{"@type":"ReadAction","target":["https:\/\/content-creator-team.com\/referenzen\/"]}]},{"@type":"BreadcrumbList","@id":"https:\/\/content-creator-team.com\/referenzen\/#breadcrumb","itemListElement":[{"@type":"ListItem","position":1,"name":"Startseite","item":"https:\/\/content-creator-team.com\/"},{"@type":"ListItem","position":2,"name":"Referenzen"}]},{"@type":"WebSite","@id":"https:\/\/content-creator-team.com\/#website","url":"https:\/\/content-creator-team.com\/","name":"Content-Creator-Team.com","description":"Creating content for you and your brand!","publisher":{"@id":"https:\/\/content-creator-team.com\/#\/schema\/person\/7a67262b5593998c9e40d7d30de3656d"},"potentialAction":[{"@type":"SearchAction","target":{"@type":"EntryPoint","urlTemplate":"https:\/\/content-creator-team.com\/?s={search_term_string}"},"query-input":{"@type":"PropertyValueSpecification","valueRequired":true,"valueName":"search_term_string"}}],"inLanguage":"en-GB"},{"@type":["Person","Organization"],"@id":"https:\/\/content-creator-team.com\/#\/schema\/person\/7a67262b5593998c9e40d7d30de3656d","name":"Lea","image":{"@type":"ImageObject","inLanguage":"en-GB","@id":"https:\/\/secure.gravatar.com\/avatar\/92e3bcb9aafd9b8c2c58a38a28cd72f6989e19f7f767027ba5529d0e18fb0655?s=96&d=mm&r=g","url":"https:\/\/secure.gravatar.com\/avatar\/92e3bcb9aafd9b8c2c58a38a28cd72f6989e19f7f767027ba5529d0e18fb0655?s=96&d=mm&r=g","contentUrl":"https:\/\/secure.gravatar.com\/avatar\/92e3bcb9aafd9b8c2c58a38a28cd72f6989e19f7f767027ba5529d0e18fb0655?s=96&d=mm&r=g","caption":"Lea"},"logo":{"@id":"https:\/\/secure.gravatar.com\/avatar\/92e3bcb9aafd9b8c2c58a38a28cd72f6989e19f7f767027ba5529d0e18fb0655?s=96&d=mm&r=g"},"sameAs":["http:\/\/content-creator-team.com"]}]}},"_links":{"self":[{"href":"https:\/\/content-creator-team.com\/en\/wp-json\/wp\/v2\/pages\/3008","targetHints":{"allow":["GET"]}}],"collection":[{"href":"https:\/\/content-creator-team.com\/en\/wp-json\/wp\/v2\/pages"}],"about":[{"href":"https:\/\/content-creator-team.com\/en\/wp-json\/wp\/v2\/types\/page"}],"author":[{"embeddable":true,"href":"https:\/\/content-creator-team.com\/en\/wp-json\/wp\/v2\/users\/1"}],"replies":[{"embeddable":true,"href":"https:\/\/content-creator-team.com\/en\/wp-json\/wp\/v2\/comments?post=3008"}],"version-history":[{"count":4,"href":"https:\/\/content-creator-team.com\/en\/wp-json\/wp\/v2\/pages\/3008\/revisions"}],"predecessor-version":[{"id":5310,"href":"https:\/\/content-creator-team.com\/en\/wp-json\/wp\/v2\/pages\/3008\/revisions\/5310"}],"wp:attachment":[{"href":"https:\/\/content-creator-team.com\/en\/wp-json\/wp\/v2\/media?parent=3008"}],"curies":[{"name":"wp","href":"https:\/\/api.w.org\/{rel}","templated":true}]}}